{"id":92,"date":"2018-04-23T22:02:54","date_gmt":"2018-04-23T22:02:54","guid":{"rendered":"http:\/\/ortopediabagualito.com.ar\/cio\/?page_id=92"},"modified":"2018-05-03T22:09:56","modified_gmt":"2018-05-03T22:09:56","slug":"acerca-de","status":"publish","type":"page","link":"http:\/\/ortopediabagualito.com.ar\/cio\/acerca-de\/","title":{"rendered":"Institucional"},"content":{"rendered":"<p>Hace m\u00e1s de 35 a\u00f1os que la empresa se dedica a la fabricaci\u00f3n de calzados ortop\u00e9dicos.<\/p>\n<p>Comenzando\u00a0en una peque\u00f1a f\u00e1brica en Chilavert, all\u00e1 por los a\u00f1os 70, An\u00edbal Pedro Costa, fundador, iniciaba la historia junto a su socio, con la fabricaci\u00f3n de calzados preventivos para ni\u00f1os.<\/p>\n<p>M\u00e1s tarde como\u00a0\u00fanico titular de la firma BAGUALITO junto a sus hijos se capacitaron y se dedicaron a la confecci\u00f3n y venta por mayor y menor de calzados ortop\u00e9dicos, plantillas y posteriormente corsets, f\u00e9rulas ortesis y pr\u00f3tesis.<\/p>\n<p>A partir del a\u00f1o 2000 para la mejor atenci\u00f3n de su clientela se inauguraron dos importantes puntos de venta estrat\u00e9gicamente ubicados, primero en San Mart\u00edn (Centro Integral Ortop\u00e9dico) y tiempo despu\u00e9s en Villa Ballester (Laboratorio Ortop\u00e9dico Alvear).<\/p>\n<p>Hoy d\u00eda con la incorporaci\u00f3n de la tercera generaci\u00f3n a esta Pyme familiar seguimos avanzando y capacit\u00e1ndonos en nuevas t\u00e9cnicas y materiales para ofrecer lo \u00faltimo a nuestro p\u00fablico.<\/p>\n<p>&nbsp;<\/p>\n<p><img loading=\"lazy\" decoding=\"async\" class=\"aligncenter wp-image-612 size-full\" style=\"line-height: 22.4px;\" src=\"http:\/\/ortopediabagualito.com.ar\/cio\/wp-content\/uploads\/2018\/05\/institucional.jpg\" alt=\"\" width=\"600\" height=\"600\" srcset=\"http:\/\/ortopediabagualito.com.ar\/cio\/wp-content\/uploads\/2018\/05\/institucional.jpg 600w, http:\/\/ortopediabagualito.com.ar\/cio\/wp-content\/uploads\/2018\/05\/institucional-150x150.jpg 150w, http:\/\/ortopediabagualito.com.ar\/cio\/wp-content\/uploads\/2018\/05\/institucional-350x350.jpg 350w, http:\/\/ortopediabagualito.com.ar\/cio\/wp-content\/uploads\/2018\/05\/institucional-324x324.jpg 324w, http:\/\/ortopediabagualito.com.ar\/cio\/wp-content\/uploads\/2018\/05\/institucional-416x416.jpg 416w, http:\/\/ortopediabagualito.com.ar\/cio\/wp-content\/uploads\/2018\/05\/institucional-100x100.jpg 100w\" sizes=\"auto, (max-width: 600px) 100vw, 600px\" \/><\/p>\n<p>&nbsp;<\/p>\n<p><strong>Cont\u00e1ctanos<\/strong><\/p>\n\n<div class=\"wpcf7 no-js\" id=\"wpcf7-f562-o1\" lang=\"es-ES\" dir=\"ltr\" data-wpcf7-id=\"562\">\n<div class=\"screen-reader-response\"><p role=\"status\" aria-live=\"polite\" aria-atomic=\"true\"><\/p> <ul><\/ul><\/div>\n<form action=\"\/cio\/wp-json\/wp\/v2\/pages\/92#wpcf7-f562-o1\" method=\"post\" class=\"wpcf7-form init\" aria-label=\"Formulario de contacto\" novalidate=\"novalidate\" data-status=\"init\">\n<fieldset class=\"hidden-fields-container\"><input type=\"hidden\" name=\"_wpcf7\" value=\"562\" \/><input type=\"hidden\" name=\"_wpcf7_version\" value=\"6.1.5\" \/><input type=\"hidden\" name=\"_wpcf7_locale\" value=\"es_ES\" \/><input type=\"hidden\" name=\"_wpcf7_unit_tag\" value=\"wpcf7-f562-o1\" \/><input type=\"hidden\" name=\"_wpcf7_container_post\" value=\"0\" \/><input type=\"hidden\" name=\"_wpcf7_posted_data_hash\" value=\"\" \/><input type=\"hidden\" name=\"_wpcf7_recaptcha_response\" value=\"\" \/>\n<\/fieldset>\n<p><label> Nombre (requerido)<br \/>\n<span class=\"wpcf7-form-control-wrap\" data-name=\"your-name\"><input size=\"40\" maxlength=\"400\" class=\"wpcf7-form-control wpcf7-text wpcf7-validates-as-required\" aria-required=\"true\" aria-invalid=\"false\" value=\"\" type=\"text\" name=\"your-name\" \/><\/span> <\/label>\n<\/p>\n<p><label> Tu correo electr\u00f3nico (requerido)<br \/>\n<span class=\"wpcf7-form-control-wrap\" data-name=\"your-email\"><input size=\"40\" maxlength=\"400\" class=\"wpcf7-form-control wpcf7-email wpcf7-validates-as-required wpcf7-text wpcf7-validates-as-email\" aria-required=\"true\" aria-invalid=\"false\" value=\"\" type=\"email\" name=\"your-email\" \/><\/span> <\/label>\n<\/p>\n<p><label> Asunto<br \/>\n<span class=\"wpcf7-form-control-wrap\" data-name=\"your-subject\"><input size=\"40\" maxlength=\"400\" class=\"wpcf7-form-control wpcf7-text\" aria-invalid=\"false\" value=\"\" type=\"text\" name=\"your-subject\" \/><\/span> <\/label>\n<\/p>\n<p><label> Mensaje<br \/>\n<span class=\"wpcf7-form-control-wrap\" data-name=\"your-message\"><textarea cols=\"40\" rows=\"10\" maxlength=\"2000\" class=\"wpcf7-form-control wpcf7-textarea\" aria-invalid=\"false\" name=\"your-message\"><\/textarea><\/span> <\/label>\n<\/p>\n\n<p><input class=\"wpcf7-form-control wpcf7-submit has-spinner\" type=\"submit\" value=\"Enviar\" \/>\n<\/p><div class=\"wpcf7-response-output\" aria-hidden=\"true\"><\/div>\n<\/form>\n<\/div>\n\n","protected":false},"excerpt":{"rendered":"<p>Hace m\u00e1s de 35 a\u00f1os que la empresa se dedica a la fabricaci\u00f3n de calzados ortop\u00e9dicos. Comenzando\u00a0en una peque\u00f1a f\u00e1brica en Chilavert, all\u00e1 por los a\u00f1os 70, An\u00edbal Pedro Costa, fundador, iniciaba la historia junto a su socio, con la fabricaci\u00f3n de calzados preventivos para ni\u00f1os. M\u00e1s tarde como\u00a0\u00fanico titular de la firma BAGUALITO junto [&hellip;]<\/p>\n","protected":false},"author":2,"featured_media":0,"parent":0,"menu_order":0,"comment_status":"closed","ping_status":"closed","template":"","meta":{"jetpack_post_was_ever_published":false,"footnotes":""},"class_list":["post-92","page","type-page","status-publish","hentry"],"jetpack_sharing_enabled":true,"jetpack_shortlink":"https:\/\/wp.me\/P9RawN-1u","_links":{"self":[{"href":"http:\/\/ortopediabagualito.com.ar\/cio\/wp-json\/wp\/v2\/pages\/92","targetHints":{"allow":["GET"]}}],"collection":[{"href":"http:\/\/ortopediabagualito.com.ar\/cio\/wp-json\/wp\/v2\/pages"}],"about":[{"href":"http:\/\/ortopediabagualito.com.ar\/cio\/wp-json\/wp\/v2\/types\/page"}],"author":[{"embeddable":true,"href":"http:\/\/ortopediabagualito.com.ar\/cio\/wp-json\/wp\/v2\/users\/2"}],"replies":[{"embeddable":true,"href":"http:\/\/ortopediabagualito.com.ar\/cio\/wp-json\/wp\/v2\/comments?post=92"}],"version-history":[{"count":5,"href":"http:\/\/ortopediabagualito.com.ar\/cio\/wp-json\/wp\/v2\/pages\/92\/revisions"}],"predecessor-version":[{"id":614,"href":"http:\/\/ortopediabagualito.com.ar\/cio\/wp-json\/wp\/v2\/pages\/92\/revisions\/614"}],"wp:attachment":[{"href":"http:\/\/ortopediabagualito.com.ar\/cio\/wp-json\/wp\/v2\/media?parent=92"}],"curies":[{"name":"wp","href":"https:\/\/api.w.org\/{rel}","templated":true}]}}